{"id":18,"date":"2010-09-20T14:30:41","date_gmt":"2010-09-20T13:30:41","guid":{"rendered":"http:\/\/www.electromotive.eu\/?page_id=18"},"modified":"2023-07-04T13:01:21","modified_gmt":"2023-07-04T12:01:21","slug":"crash-course-powertrain","status":"publish","type":"page","link":"https:\/\/www.electromotive.eu\/?page_id=18","title":{"rendered":"Crash Course: Powertrain"},"content":{"rendered":"<p><!--:de-->Unter einem elektrischen <strong>Powertrain<\/strong>, zu Deutsch &#8222;Antriebsstrang&#8220;  versteht man die Gesamtheit aller Komponenten, die im Fahrzeug f\u00fcr die  Erzeugung und \u00dcbertragung von Drehmoment aus dem Motor auf die  Antriebsachse erforderlich sind. Beim Elektrofahrzeug sind das der  Batteriespeicher samt Batterieelektronik, der Motorcontroller mit seiner  Schnittstelle zur Fahrzeugsteuerung, der Elektromotor und, falls  vorhanden, das Getriebe.<\/p>\n<p>Das Analogon zum elektrischen Powertrain des Fahrzeuges bei  station\u00e4ren <strong>dezentralen Batteriespeichern<\/strong> besteht aus dem Batteriepaket  samt Batterieelektronik, einem Ladeger\u00e4t -zur Energieeinspeicherung- und  einem netzgef\u00fchrten Wechselrichter zur Einspeisung in das Hausnetz oder  das \u00f6ffentliche Stromnetz.<\/p>\n<p>F\u00fcr die optimale <strong>Auslegung <\/strong>eines elektrischen Powertrains ist das genaue Zusammenspiel zwischen den einzelnen Powertrainkomponenten im Fahrzeug und die genaue Kenntnis der Anforderungen seitens des Benutzers der Schl\u00fcssel zum Erfolg.<\/p>\n<p>Das oft praktizierte Zusammenkaufen und Zusammenst\u00f6pseln der einzelnen Komponenten nach Preisgesichtspunkten und oberfl\u00e4chlicher Pr\u00fcfung der Nennleistungsdaten hingegen ist bestenfalls Gl\u00fcckssache. Damit der Powertrain nicht nur die gew\u00fcnschten Beschleunigungs- und Endgeschwindigkeiten, sondern auch die gew\u00fcnschte Fahrzeugreichweite und Lebensdauer leistet, m\u00fcssen die einzelnen Komponenten genau aufeinander abgestimmt sein: Die Batterien d\u00fcrfen nicht zu hoch belastet, aber auch nicht zu tief entladen werden, der Motor mu\u00df sich m\u00f6glichst oft im optimalen Betriebspunkt bewegen und nat\u00fcrlich sollte alles auch bei eisig-winterlichen und sommerhei\u00dfen Au\u00dfentemperaturen laufen wie am Schn\u00fcrchen.<!--:--><!--:en-->-under construction-<!--:--><\/p>\n","protected":false},"excerpt":{"rendered":"<p>Unter einem elektrischen Powertrain, zu Deutsch &#8222;Antriebsstrang&#8220; versteht man die Gesamtheit aller Komponenten, die im Fahrzeug f\u00fcr die Erzeugung und \u00dcbertragung von Drehmoment aus dem Motor auf die Antriebsachse erforderlich sind. Beim Elektrofahrzeug sind das der Batteriespeicher samt Batterieelektronik, der Motorcontroller mit seiner Schnittstelle zur Fahrzeugsteuerung, der Elektromotor und, falls vorhanden, das Getriebe. Das Analogon [&hellip;]<\/p>\n","protected":false},"author":1,"featured_media":0,"parent":6,"menu_order":96,"comment_status":"open","ping_status":"closed","template":"","meta":{"footnotes":""},"class_list":["post-18","page","type-page","status-publish","hentry"],"_links":{"self":[{"href":"https:\/\/www.electromotive.eu\/index.php?rest_route=\/wp\/v2\/pages\/18","targetHints":{"allow":["GET"]}}],"collection":[{"href":"https:\/\/www.electromotive.eu\/index.php?rest_route=\/wp\/v2\/pages"}],"about":[{"href":"https:\/\/www.electromotive.eu\/index.php?rest_route=\/wp\/v2\/types\/page"}],"author":[{"embeddable":true,"href":"https:\/\/www.electromotive.eu\/index.php?rest_route=\/wp\/v2\/users\/1"}],"replies":[{"embeddable":true,"href":"https:\/\/www.electromotive.eu\/index.php?rest_route=%2Fwp%2Fv2%2Fcomments&post=18"}],"version-history":[{"count":5,"href":"https:\/\/www.electromotive.eu\/index.php?rest_route=\/wp\/v2\/pages\/18\/revisions"}],"predecessor-version":[{"id":335,"href":"https:\/\/www.electromotive.eu\/index.php?rest_route=\/wp\/v2\/pages\/18\/revisions\/335"}],"up":[{"embeddable":true,"href":"https:\/\/www.electromotive.eu\/index.php?rest_route=\/wp\/v2\/pages\/6"}],"wp:attachment":[{"href":"https:\/\/www.electromotive.eu\/index.php?rest_route=%2Fwp%2Fv2%2Fmedia&parent=18"}],"curies":[{"name":"wp","href":"https:\/\/api.w.org\/{rel}","templated":true}]}}